{"id":3425,"date":"2016-04-22T12:28:41","date_gmt":"2016-04-22T10:28:41","guid":{"rendered":"http:\/\/ratio.edge-themes.com\/?page_id=3425"},"modified":"2021-10-23T12:04:58","modified_gmt":"2021-10-23T10:04:58","slug":"residentiel","status":"publish","type":"page","link":"https:\/\/daar.fr\/index.php\/residentiel\/","title":{"rendered":"Projets r\u00e9sidentiels"},"content":{"rendered":"<div class=\"vc_row wpb_row vc_row-fluid edgtf-section edgtf-content-aligment-left edgtf-grid-section\"><div class=\"clearfix edgtf-section-inner\"><div class=\"edgtf-section-inner-margin clearfix\"><div class=\"wpb_column vc_column_container vc_col-sm-12\"><div class=\"vc_column-inner\"><div class=\"wpb_wrapper\"><div class = \"edgtf-portfolio-list-holder-outer edgtf-ptf-standard edgtf-ptf-three-columns edgtf-ptf-has-filter edgtf-hover-outline\" data-next-page=\"2\" data-type=\"standard\" data-columns=\"3\" data-grid-size=\"three\" data-order-by=\"date\" data-order=\"ASC\" data-number=\"-1\" data-image-size=\"landscape\" data-filter=\"yes\" data-filter-order-by=\"name\" data-category=\"r\u00e9sidentiel\" data-show-load-more=\"no\" data-title-tag=\"h4\" data-max-num-pages = 0><div class=\"edgtf-portfolio-filter-holder \">\n    <div class=\"edgtf-portfolio-filter-holder-inner\">\n                        \t<h6 class=\"edgtf-filter-heading\">Filter:<\/h6>\n            <ul class=\"edgtf-portfolio-filter-parent-categories clearfix\"\n                data-class=\"filter_1059763650\">\n                                <li class=\"edgtf-all-filter filter edgtf-parent-filter filter_1059763650\" data-filter=\"all\"><h6>All<\/h6><\/li>\n                                                            <li class=\"edgtf-parent-filter filter_1059763650\"\n                            data-filter=\".portfolio_category_57\"\n                            data-class=\"filter_1059763650\"\n                            data-group-id=\"57\"><h6>Interior<\/h6>\n                        <\/li>\n                                <\/ul>\n        \n            <\/div>\n<\/div><div class = \"edgtf-portfolio-list-holder clearfix\" >\n<article class=\"edgtf-portfolio-item mix portfolio_category_40\">\n\t<div class = \"edgtf-item-image-holder\">\n\t\t<a href=\"https:\/\/daar.fr\/index.php\/portfolio-item\/projet-marcadet\/\">\n\t\t\t<img loading=\"lazy\" decoding=\"async\" width=\"800\" height=\"566\" src=\"https:\/\/daar.fr\/wp-content\/uploads\/2021\/09\/Projet-Marcadet-2-800x566.jpg\" class=\"attachment-ratio_edge_landscape size-ratio_edge_landscape wp-post-image\" alt=\"Projet Marcadet 2 agence Daar\" \/>\t\t\t<span class=\"edgtf-view-project\">View Project<\/span>\n\t\t\t<span class=\"edgtf-hover-border\"><\/span>\n\t\t<\/a>\n\t<\/div>\n\t<div class=\"edgtf-item-text-holder\">\n\t\t<h4 class=\"edgtf-item-title\">\n\t\t\t<a href=\"https:\/\/daar.fr\/index.php\/portfolio-item\/projet-marcadet\/\">\n\t\t\t\tProjet MARCADET\t\t\t<\/a>\t\n\t\t<\/h4>\t\n\t\t<h6 class=\"edgtf-ptf-category-holder\"><span>R\u00e9sidentiel<\/span><\/h6>\t<\/div>\n<\/article>\n\n\n<article class=\"edgtf-portfolio-item mix portfolio_category_40\">\n\t<div class = \"edgtf-item-image-holder\">\n\t\t<a href=\"https:\/\/daar.fr\/index.php\/portfolio-item\/projet-freppel\/\">\n\t\t\t<img loading=\"lazy\" decoding=\"async\" width=\"800\" height=\"600\" src=\"https:\/\/daar.fr\/wp-content\/uploads\/2016\/04\/0-1-800x600.jpg\" class=\"attachment-ratio_edge_landscape size-ratio_edge_landscape wp-post-image\" alt=\"Projet FREPPEL Agence Daar\" \/>\t\t\t<span class=\"edgtf-view-project\">View Project<\/span>\n\t\t\t<span class=\"edgtf-hover-border\"><\/span>\n\t\t<\/a>\n\t<\/div>\n\t<div class=\"edgtf-item-text-holder\">\n\t\t<h4 class=\"edgtf-item-title\">\n\t\t\t<a href=\"https:\/\/daar.fr\/index.php\/portfolio-item\/projet-freppel\/\">\n\t\t\t\tProjet FREPPEL\t\t\t<\/a>\t\n\t\t<\/h4>\t\n\t\t<h6 class=\"edgtf-ptf-category-holder\"><span>R\u00e9sidentiel<\/span><\/h6>\t<\/div>\n<\/article>\n\n\n<article class=\"edgtf-portfolio-item mix portfolio_category_40\">\n\t<div class = \"edgtf-item-image-holder\">\n\t\t<a href=\"https:\/\/daar.fr\/index.php\/portfolio-item\/projet-issy\/\">\n\t\t\t<img loading=\"lazy\" decoding=\"async\" width=\"800\" height=\"600\" src=\"https:\/\/daar.fr\/wp-content\/uploads\/2016\/04\/0-800x600.jpg\" class=\"attachment-ratio_edge_landscape size-ratio_edge_landscape wp-post-image\" alt=\"Projet ISSY 0 agence Daar\" \/>\t\t\t<span class=\"edgtf-view-project\">View Project<\/span>\n\t\t\t<span class=\"edgtf-hover-border\"><\/span>\n\t\t<\/a>\n\t<\/div>\n\t<div class=\"edgtf-item-text-holder\">\n\t\t<h4 class=\"edgtf-item-title\">\n\t\t\t<a href=\"https:\/\/daar.fr\/index.php\/portfolio-item\/projet-issy\/\">\n\t\t\t\tProjet ISSY\t\t\t<\/a>\t\n\t\t<\/h4>\t\n\t\t<h6 class=\"edgtf-ptf-category-holder\"><span>R\u00e9sidentiel<\/span><\/h6>\t<\/div>\n<\/article>\n\n\n<article class=\"edgtf-portfolio-item mix portfolio_category_40\">\n\t<div class = \"edgtf-item-image-holder\">\n\t\t<a href=\"https:\/\/daar.fr\/index.php\/portfolio-item\/projet-soisy\/\">\n\t\t\t<img loading=\"lazy\" decoding=\"async\" width=\"800\" height=\"600\" src=\"https:\/\/daar.fr\/wp-content\/uploads\/2021\/09\/1-800x600.jpg\" class=\"attachment-ratio_edge_landscape size-ratio_edge_landscape wp-post-image\" alt=\"\" srcset=\"https:\/\/daar.fr\/wp-content\/uploads\/2021\/09\/1-800x600.jpg 800w, https:\/\/daar.fr\/wp-content\/uploads\/2021\/09\/1-300x225.jpg 300w, https:\/\/daar.fr\/wp-content\/uploads\/2021\/09\/1-1024x768.jpg 1024w, https:\/\/daar.fr\/wp-content\/uploads\/2021\/09\/1-768x576.jpg 768w, https:\/\/daar.fr\/wp-content\/uploads\/2021\/09\/1-1536x1152.jpg 1536w, https:\/\/daar.fr\/wp-content\/uploads\/2021\/09\/1-600x450.jpg 600w\" sizes=\"(max-width: 800px) 100vw, 800px\" \/>\t\t\t<span class=\"edgtf-view-project\">View Project<\/span>\n\t\t\t<span class=\"edgtf-hover-border\"><\/span>\n\t\t<\/a>\n\t<\/div>\n\t<div class=\"edgtf-item-text-holder\">\n\t\t<h4 class=\"edgtf-item-title\">\n\t\t\t<a href=\"https:\/\/daar.fr\/index.php\/portfolio-item\/projet-soisy\/\">\n\t\t\t\tProjet SOISY\t\t\t<\/a>\t\n\t\t<\/h4>\t\n\t\t<h6 class=\"edgtf-ptf-category-holder\"><span>R\u00e9sidentiel<\/span><\/h6>\t<\/div>\n<\/article>\n\n\n<article class=\"edgtf-portfolio-item mix portfolio_category_40\">\n\t<div class = \"edgtf-item-image-holder\">\n\t\t<a href=\"https:\/\/daar.fr\/index.php\/portfolio-item\/projet-blans-manteaux\/\">\n\t\t\t<img loading=\"lazy\" decoding=\"async\" width=\"800\" height=\"600\" src=\"https:\/\/daar.fr\/wp-content\/uploads\/2021\/09\/10-1-scaled-800x600.jpg\" class=\"attachment-ratio_edge_landscape size-ratio_edge_landscape wp-post-image\" alt=\"\" \/>\t\t\t<span class=\"edgtf-view-project\">View Project<\/span>\n\t\t\t<span class=\"edgtf-hover-border\"><\/span>\n\t\t<\/a>\n\t<\/div>\n\t<div class=\"edgtf-item-text-holder\">\n\t\t<h4 class=\"edgtf-item-title\">\n\t\t\t<a href=\"https:\/\/daar.fr\/index.php\/portfolio-item\/projet-blans-manteaux\/\">\n\t\t\t\tProjet BLANS MANTEAUX\t\t\t<\/a>\t\n\t\t<\/h4>\t\n\t\t<h6 class=\"edgtf-ptf-category-holder\"><span>R\u00e9sidentiel<\/span><\/h6>\t<\/div>\n<\/article>\n\n\n<article class=\"edgtf-portfolio-item mix portfolio_category_40\">\n\t<div class = \"edgtf-item-image-holder\">\n\t\t<a href=\"https:\/\/daar.fr\/index.php\/portfolio-item\/projet-sucy\/\">\n\t\t\t<img loading=\"lazy\" decoding=\"async\" width=\"800\" height=\"600\" src=\"https:\/\/daar.fr\/wp-content\/uploads\/2021\/09\/1-2-800x600.jpg\" class=\"attachment-ratio_edge_landscape size-ratio_edge_landscape wp-post-image\" alt=\"\" srcset=\"https:\/\/daar.fr\/wp-content\/uploads\/2021\/09\/1-2-800x600.jpg 800w, https:\/\/daar.fr\/wp-content\/uploads\/2021\/09\/1-2-300x225.jpg 300w, https:\/\/daar.fr\/wp-content\/uploads\/2021\/09\/1-2-1024x768.jpg 1024w, https:\/\/daar.fr\/wp-content\/uploads\/2021\/09\/1-2-768x576.jpg 768w, https:\/\/daar.fr\/wp-content\/uploads\/2021\/09\/1-2-1536x1152.jpg 1536w, https:\/\/daar.fr\/wp-content\/uploads\/2021\/09\/1-2-600x450.jpg 600w, https:\/\/daar.fr\/wp-content\/uploads\/2021\/09\/1-2.jpg 1600w\" sizes=\"(max-width: 800px) 100vw, 800px\" \/>\t\t\t<span class=\"edgtf-view-project\">View Project<\/span>\n\t\t\t<span class=\"edgtf-hover-border\"><\/span>\n\t\t<\/a>\n\t<\/div>\n\t<div class=\"edgtf-item-text-holder\">\n\t\t<h4 class=\"edgtf-item-title\">\n\t\t\t<a href=\"https:\/\/daar.fr\/index.php\/portfolio-item\/projet-sucy\/\">\n\t\t\t\tProjet SUCY\t\t\t<\/a>\t\n\t\t<\/h4>\t\n\t\t<h6 class=\"edgtf-ptf-category-holder\"><span>R\u00e9sidentiel<\/span><\/h6>\t<\/div>\n<\/article>\n\n\n<article class=\"edgtf-portfolio-item mix portfolio_category_40\">\n\t<div class = \"edgtf-item-image-holder\">\n\t\t<a href=\"https:\/\/daar.fr\/index.php\/portfolio-item\/projet-cite-du-cinema\/\">\n\t\t\t<img loading=\"lazy\" decoding=\"async\" width=\"800\" height=\"600\" src=\"https:\/\/daar.fr\/wp-content\/uploads\/2021\/09\/0-800x600.jpg\" class=\"attachment-ratio_edge_landscape size-ratio_edge_landscape wp-post-image\" alt=\"\" srcset=\"https:\/\/daar.fr\/wp-content\/uploads\/2021\/09\/0-800x600.jpg 800w, https:\/\/daar.fr\/wp-content\/uploads\/2021\/09\/0-300x225.jpg 300w, https:\/\/daar.fr\/wp-content\/uploads\/2021\/09\/0-1024x768.jpg 1024w, https:\/\/daar.fr\/wp-content\/uploads\/2021\/09\/0-768x576.jpg 768w, https:\/\/daar.fr\/wp-content\/uploads\/2021\/09\/0-1536x1152.jpg 1536w, https:\/\/daar.fr\/wp-content\/uploads\/2021\/09\/0-600x450.jpg 600w\" sizes=\"(max-width: 800px) 100vw, 800px\" \/>\t\t\t<span class=\"edgtf-view-project\">View Project<\/span>\n\t\t\t<span class=\"edgtf-hover-border\"><\/span>\n\t\t<\/a>\n\t<\/div>\n\t<div class=\"edgtf-item-text-holder\">\n\t\t<h4 class=\"edgtf-item-title\">\n\t\t\t<a href=\"https:\/\/daar.fr\/index.php\/portfolio-item\/projet-cite-du-cinema\/\">\n\t\t\t\tProjet CITE DU CIN\u00c9MA\t\t\t<\/a>\t\n\t\t<\/h4>\t\n\t\t<h6 class=\"edgtf-ptf-category-holder\"><span>R\u00e9sidentiel<\/span><\/h6>\t<\/div>\n<\/article>\n\n\n<article class=\"edgtf-portfolio-item mix portfolio_category_40\">\n\t<div class = \"edgtf-item-image-holder\">\n\t\t<a href=\"https:\/\/daar.fr\/index.php\/portfolio-item\/projet-st-maur\/\">\n\t\t\t<img loading=\"lazy\" decoding=\"async\" width=\"800\" height=\"600\" src=\"https:\/\/daar.fr\/wp-content\/uploads\/2021\/09\/1-4-800x600.jpg\" class=\"attachment-ratio_edge_landscape size-ratio_edge_landscape wp-post-image\" alt=\"\" srcset=\"https:\/\/daar.fr\/wp-content\/uploads\/2021\/09\/1-4-800x600.jpg 800w, https:\/\/daar.fr\/wp-content\/uploads\/2021\/09\/1-4-300x225.jpg 300w, https:\/\/daar.fr\/wp-content\/uploads\/2021\/09\/1-4-1024x768.jpg 1024w, https:\/\/daar.fr\/wp-content\/uploads\/2021\/09\/1-4-768x576.jpg 768w, https:\/\/daar.fr\/wp-content\/uploads\/2021\/09\/1-4-1536x1152.jpg 1536w, https:\/\/daar.fr\/wp-content\/uploads\/2021\/09\/1-4-600x450.jpg 600w\" sizes=\"(max-width: 800px) 100vw, 800px\" \/>\t\t\t<span class=\"edgtf-view-project\">View Project<\/span>\n\t\t\t<span class=\"edgtf-hover-border\"><\/span>\n\t\t<\/a>\n\t<\/div>\n\t<div class=\"edgtf-item-text-holder\">\n\t\t<h4 class=\"edgtf-item-title\">\n\t\t\t<a href=\"https:\/\/daar.fr\/index.php\/portfolio-item\/projet-st-maur\/\">\n\t\t\t\tProjet ST MAUR\t\t\t<\/a>\t\n\t\t<\/h4>\t\n\t\t<h6 class=\"edgtf-ptf-category-holder\"><span>R\u00e9sidentiel<\/span><\/h6>\t<\/div>\n<\/article>\n\n\n<article class=\"edgtf-portfolio-item mix portfolio_category_40\">\n\t<div class = \"edgtf-item-image-holder\">\n\t\t<a href=\"https:\/\/daar.fr\/index.php\/portfolio-item\/projet-cotte\/\">\n\t\t\t<img loading=\"lazy\" decoding=\"async\" width=\"800\" height=\"600\" src=\"https:\/\/daar.fr\/wp-content\/uploads\/2021\/09\/Capture-de\u0301cran-2016-06-18-a\u0300-09.00.07-scaled-800x600.jpg\" class=\"attachment-ratio_edge_landscape size-ratio_edge_landscape wp-post-image\" alt=\"\" \/>\t\t\t<span class=\"edgtf-view-project\">View Project<\/span>\n\t\t\t<span class=\"edgtf-hover-border\"><\/span>\n\t\t<\/a>\n\t<\/div>\n\t<div class=\"edgtf-item-text-holder\">\n\t\t<h4 class=\"edgtf-item-title\">\n\t\t\t<a href=\"https:\/\/daar.fr\/index.php\/portfolio-item\/projet-cotte\/\">\n\t\t\t\tProjet COTTE\t\t\t<\/a>\t\n\t\t<\/h4>\t\n\t\t<h6 class=\"edgtf-ptf-category-holder\"><span>R\u00e9sidentiel<\/span><\/h6>\t<\/div>\n<\/article>\n\n\n<article class=\"edgtf-portfolio-item mix portfolio_category_40\">\n\t<div class = \"edgtf-item-image-holder\">\n\t\t<a href=\"https:\/\/daar.fr\/index.php\/portfolio-item\/projet-flandres\/\">\n\t\t\t<img loading=\"lazy\" decoding=\"async\" width=\"800\" height=\"600\" src=\"https:\/\/daar.fr\/wp-content\/uploads\/2021\/10\/0-800x600.jpg\" class=\"attachment-ratio_edge_landscape size-ratio_edge_landscape wp-post-image\" alt=\"Projet FLANDRES 1\" \/>\t\t\t<span class=\"edgtf-view-project\">View Project<\/span>\n\t\t\t<span class=\"edgtf-hover-border\"><\/span>\n\t\t<\/a>\n\t<\/div>\n\t<div class=\"edgtf-item-text-holder\">\n\t\t<h4 class=\"edgtf-item-title\">\n\t\t\t<a href=\"https:\/\/daar.fr\/index.php\/portfolio-item\/projet-flandres\/\">\n\t\t\t\tPROJET FLANDRES\t\t\t<\/a>\t\n\t\t<\/h4>\t\n\t\t<h6 class=\"edgtf-ptf-category-holder\"><span>R\u00e9sidentiel<\/span><\/h6>\t<\/div>\n<\/article>\n\n\n<article class=\"edgtf-portfolio-item mix portfolio_category_40\">\n\t<div class = \"edgtf-item-image-holder\">\n\t\t<a href=\"https:\/\/daar.fr\/index.php\/portfolio-item\/projet-pantin\/\">\n\t\t\t<img loading=\"lazy\" decoding=\"async\" width=\"800\" height=\"600\" src=\"https:\/\/daar.fr\/wp-content\/uploads\/2021\/09\/1-1-800x600.jpg\" class=\"attachment-ratio_edge_landscape size-ratio_edge_landscape wp-post-image\" alt=\"\" srcset=\"https:\/\/daar.fr\/wp-content\/uploads\/2021\/09\/1-1-800x600.jpg 800w, https:\/\/daar.fr\/wp-content\/uploads\/2021\/09\/1-1-300x225.jpg 300w, https:\/\/daar.fr\/wp-content\/uploads\/2021\/09\/1-1-1024x768.jpg 1024w, https:\/\/daar.fr\/wp-content\/uploads\/2021\/09\/1-1-768x576.jpg 768w, https:\/\/daar.fr\/wp-content\/uploads\/2021\/09\/1-1-1536x1152.jpg 1536w, https:\/\/daar.fr\/wp-content\/uploads\/2021\/09\/1-1-600x450.jpg 600w\" sizes=\"(max-width: 800px) 100vw, 800px\" \/>\t\t\t<span class=\"edgtf-view-project\">View Project<\/span>\n\t\t\t<span class=\"edgtf-hover-border\"><\/span>\n\t\t<\/a>\n\t<\/div>\n\t<div class=\"edgtf-item-text-holder\">\n\t\t<h4 class=\"edgtf-item-title\">\n\t\t\t<a href=\"https:\/\/daar.fr\/index.php\/portfolio-item\/projet-pantin\/\">\n\t\t\t\tProjet PANTIN\t\t\t<\/a>\t\n\t\t<\/h4>\t\n\t\t<h6 class=\"edgtf-ptf-category-holder\"><span>R\u00e9sidentiel<\/span><\/h6>\t<\/div>\n<\/article>\n\n\n<article class=\"edgtf-portfolio-item mix portfolio_category_40\">\n\t<div class = \"edgtf-item-image-holder\">\n\t\t<a href=\"https:\/\/daar.fr\/index.php\/portfolio-item\/projet-damredont\/\">\n\t\t\t<img loading=\"lazy\" decoding=\"async\" width=\"800\" height=\"600\" src=\"https:\/\/daar.fr\/wp-content\/uploads\/2016\/04\/2-1-800x600.jpg\" class=\"attachment-ratio_edge_landscape size-ratio_edge_landscape wp-post-image\" alt=\"Projet DAMR\u00c9MONT agence Daar\" \/>\t\t\t<span class=\"edgtf-view-project\">View Project<\/span>\n\t\t\t<span class=\"edgtf-hover-border\"><\/span>\n\t\t<\/a>\n\t<\/div>\n\t<div class=\"edgtf-item-text-holder\">\n\t\t<h4 class=\"edgtf-item-title\">\n\t\t\t<a href=\"https:\/\/daar.fr\/index.php\/portfolio-item\/projet-damredont\/\">\n\t\t\t\tProjet DAMR\u00c9DONT\t\t\t<\/a>\t\n\t\t<\/h4>\t\n\t\t<h6 class=\"edgtf-ptf-category-holder\"><span>R\u00e9sidentiel<\/span><\/h6>\t<\/div>\n<\/article>\n\n\n<article class=\"edgtf-portfolio-item mix portfolio_category_57 portfolio_category_40\">\n\t<div class = \"edgtf-item-image-holder\">\n\t\t<a href=\"https:\/\/daar.fr\/index.php\/portfolio-item\/projet-st-martin\/\">\n\t\t\t<img loading=\"lazy\" decoding=\"async\" width=\"800\" height=\"600\" src=\"https:\/\/daar.fr\/wp-content\/uploads\/2024\/04\/PERS-7-800x600.jpg\" class=\"attachment-ratio_edge_landscape size-ratio_edge_landscape wp-post-image\" alt=\"\" \/>\t\t\t<span class=\"edgtf-view-project\">View Project<\/span>\n\t\t\t<span class=\"edgtf-hover-border\"><\/span>\n\t\t<\/a>\n\t<\/div>\n\t<div class=\"edgtf-item-text-holder\">\n\t\t<h4 class=\"edgtf-item-title\">\n\t\t\t<a href=\"https:\/\/daar.fr\/index.php\/portfolio-item\/projet-st-martin\/\">\n\t\t\t\tPROJET ST MARTIN\t\t\t<\/a>\t\n\t\t<\/h4>\t\n\t\t<h6 class=\"edgtf-ptf-category-holder\"><span>Interior<\/span>, <span>R\u00e9sidentiel<\/span><\/h6>\t<\/div>\n<\/article>\n\n\n<article class=\"edgtf-portfolio-item mix portfolio_category_40\">\n\t<div class = \"edgtf-item-image-holder\">\n\t\t<a href=\"https:\/\/daar.fr\/index.php\/portfolio-item\/projet-magenta\/\">\n\t\t\t<img loading=\"lazy\" decoding=\"async\" width=\"800\" height=\"600\" src=\"https:\/\/daar.fr\/wp-content\/uploads\/2024\/04\/39-800x600.jpg\" class=\"attachment-ratio_edge_landscape size-ratio_edge_landscape wp-post-image\" alt=\"\" \/>\t\t\t<span class=\"edgtf-view-project\">View Project<\/span>\n\t\t\t<span class=\"edgtf-hover-border\"><\/span>\n\t\t<\/a>\n\t<\/div>\n\t<div class=\"edgtf-item-text-holder\">\n\t\t<h4 class=\"edgtf-item-title\">\n\t\t\t<a href=\"https:\/\/daar.fr\/index.php\/portfolio-item\/projet-magenta\/\">\n\t\t\t\tPROJET MAGENTA\t\t\t<\/a>\t\n\t\t<\/h4>\t\n\t\t<h6 class=\"edgtf-ptf-category-holder\"><span>R\u00e9sidentiel<\/span><\/h6>\t<\/div>\n<\/article>\n\n<div class='edgtf-portfolio-gap'><\/div>\n<div class='edgtf-portfolio-gap'><\/div>\n<div class='edgtf-portfolio-gap'><\/div>\n<\/div><\/div><\/div><\/div><\/div><\/div><\/div><\/div>\n","protected":false},"excerpt":{"rendered":"un appartement haussmannien de 120 m2, m\u00e9tamorphos\u00e9 de fond en comble ! Une r\u00e9novation audacieuse o\u00f9 chaque d\u00e9tail raconte une histoire. D\u00e9couvrez la transformation spectaculaire d'un espace jadis v\u00e9tuste et dat\u00e9 en un bijou d'\u00e9l\u00e9gance et de modernit\u00e9. De la r\u00e9organisation des espaces \u00e0 la...","protected":false},"author":1,"featured_media":0,"parent":0,"menu_order":0,"comment_status":"closed","ping_status":"closed","template":"full-width.php","meta":{"footnotes":""},"_links":{"self":[{"href":"https:\/\/daar.fr\/index.php\/wp-json\/wp\/v2\/pages\/3425"}],"collection":[{"href":"https:\/\/daar.fr\/index.php\/wp-json\/wp\/v2\/pages"}],"about":[{"href":"https:\/\/daar.fr\/index.php\/wp-json\/wp\/v2\/types\/page"}],"author":[{"embeddable":true,"href":"https:\/\/daar.fr\/index.php\/wp-json\/wp\/v2\/users\/1"}],"replies":[{"embeddable":true,"href":"https:\/\/daar.fr\/index.php\/wp-json\/wp\/v2\/comments?post=3425"}],"version-history":[{"count":10,"href":"https:\/\/daar.fr\/index.php\/wp-json\/wp\/v2\/pages\/3425\/revisions"}],"predecessor-version":[{"id":6841,"href":"https:\/\/daar.fr\/index.php\/wp-json\/wp\/v2\/pages\/3425\/revisions\/6841"}],"wp:attachment":[{"href":"https:\/\/daar.fr\/index.php\/wp-json\/wp\/v2\/media?parent=3425"}],"curies":[{"name":"wp","href":"https:\/\/api.w.org\/{rel}","templated":true}]}}