{"id":896,"date":"2015-12-03T15:42:40","date_gmt":"2015-12-03T15:42:40","guid":{"rendered":"http:\/\/ratio.edge-themes.com\/?page_id=896"},"modified":"2024-04-30T11:38:41","modified_gmt":"2024-04-30T09:38:41","slug":"prestations","status":"publish","type":"page","link":"https:\/\/daar.fr\/index.php\/prestations\/","title":{"rendered":"Prestations"},"content":{"rendered":"<div class=\"vc_row wpb_row vc_row-fluid edgtf-section edgtf-content-aligment-left\"><div class=\"clearfix edgtf-full-section-inner\"><div class=\"wpb_column vc_column_container vc_col-sm-12\"><div class=\"vc_column-inner\"><div class=\"wpb_wrapper\"><div class=\"vc_empty_space\"   style=\"height: 40px\"><span class=\"vc_empty_space_inner\"><\/span><\/div>\n\t<div class=\"wpb_text_column wpb_content_element \" >\n\t\t<div class=\"wpb_wrapper\">\n\t\t\t<h2 style=\"text-align: center;\">Comment nous travaillons<\/h2>\n\n\t\t<\/div>\n\t<\/div>\n<div class=\"vc_empty_space\"   style=\"height: 40px\"><span class=\"vc_empty_space_inner\"><\/span><\/div>\n\t<div class=\"wpb_text_column wpb_content_element \" >\n\t\t<div class=\"wpb_wrapper\">\n\t\t\t<p style=\"text-align: center;\">Les diff\u00e9rentes phases.<\/p>\n\n\t\t<\/div>\n\t<\/div>\n<div class=\"vc_empty_space\"   style=\"height: 40px\"><span class=\"vc_empty_space_inner\"><\/span><\/div><\/div><\/div><\/div><\/div><\/div><div class=\"vc_row wpb_row vc_row-fluid edgtf-section edgtf-content-aligment-left\"><div class=\"clearfix edgtf-full-section-inner\"><div class=\"wpb_column vc_column_container vc_col-sm-12\"><div class=\"vc_column-inner\"><div class=\"wpb_wrapper\"><div class=\"edgtf-elements-holder edgtf-two-columns edgtf-responsive-mode-768\" ><div class=\"edgtf-elements-holder-item edgtf-inside-border\"  style=\"border-color:rgba(194,196,200,0.6)\">\n\t<div class=\"edgtf-elements-holder-item-background\" style=\"background-image: url()\"><\/div>\n\t<div class=\"edgtf-elements-holder-item-inner\">\n\t\t<div class=\"edgtf-elements-holder-item-content edgtf-elements-holder-custom-119182\" style=\"padding: 13.2% 18% 12% 20.3%\">\n\t\t\t\t\t\t<style type=\"text\/css\" data-type=\"edgtf-elements-custom-padding\" scoped>\n\n\t\t\t\t\t\t\t\t@media only screen and (min-width: 1280px) and (max-width: 1439px) {\n\t\t\t\t\t.edgtf-elements-holder .edgtf-elements-holder-item-content.edgtf-elements-holder-custom-119182 {\n\t\t\t\t\t\tpadding: 13.2% 18% 12% 14.3% !important;\n\t\t\t\t\t}\n\t\t\t\t}\n\t\t\t\t\t\t\t\t\t\t\t\t\t@media only screen and (min-width: 1024px) and (max-width: 1280px) {\n\t\t\t\t\t\t.edgtf-elements-holder .edgtf-elements-holder-item-content.edgtf-elements-holder-custom-119182 {\n\t\t\t\t\t\t\tpadding: 13.2% 11% 12% 12.3% !important;\n\t\t\t\t\t\t}\n\t\t\t\t\t}\n\t\t\t\t\t\t\t\t\t\t\t\t@media only screen and (min-width: 768px) and (max-width: 1024px) {\n\t\t\t\t\t.edgtf-elements-holder .edgtf-elements-holder-item-content.edgtf-elements-holder-custom-119182 {\n\t\t\t\t\t\tpadding: 10.2% 11% 11% 12.3% !important;\n\t\t\t\t\t}\n\t\t\t\t}\n\t\t\t\t\t\t\t\t\t\t\t\t@media only screen and (min-width: 600px) and (max-width: 768px) {\n\t\t\t\t\t.edgtf-elements-holder .edgtf-elements-holder-item-content.edgtf-elements-holder-custom-119182 {\n\t\t\t\t\t\tpadding: 10.2% 10% 9% 10.3% !important;\n\t\t\t\t\t}\n\t\t\t\t}\n\t\t\t\t\t\t\t\t\t\t\t\t@media only screen and (min-width: 480px) and (max-width: 600px) {\n\t\t\t\t\t.edgtf-elements-holder .edgtf-elements-holder-item-content.edgtf-elements-holder-custom-119182 {\n\t\t\t\t\t\tpadding: 10% 8% 7% 10% !important;\n\t\t\t\t\t}\n\t\t\t\t}\n\t\t\t\t\t\t\t\t\t\t\t\t@media only screen and (max-width: 480px) {\n\t\t\t\t\t.edgtf-elements-holder .edgtf-elements-holder-item-content.edgtf-elements-holder-custom-119182 {\n\t\t\t\t\t\tpadding: 7% 6% 6% 6% !important;\n\t\t\t\t\t}\n\t\t\t\t}\n\t\t\t\t\t\t\t\t<\/style>\n\t\t\t\t\t\t\n\t<div class=\"wpb_text_column wpb_content_element \" >\n\t\t<div class=\"wpb_wrapper\">\n\t\t\t<h2>PHASE 1 : AVANT PROJET SOMMAIRE (APS)<\/h2>\n\n\t\t<\/div>\n\t<\/div>\n<div class=\"edgtf-separator-holder clearfix  edgtf-separator-left\">\n\t<div class=\"edgtf-separator\" style=\"border-color: #e7bd74;border-style: solid;width: 50px;border-bottom-width: 1px;margin-top: 24px;margin-bottom: 25px\"><\/div>\n<\/div>\n\n\t<div class=\"wpb_text_column wpb_content_element \" >\n\t\t<div class=\"wpb_wrapper\">\n\t\t\t<p>&#8211; \u00c9laboration de l\u2019avant-projet donnant une vision g\u00e9n\u00e9rale et globale.<br \/>\n&#8211; Pr\u00e9sentation des hypoth\u00e8ses d\u2019am\u00e9nagement.<br \/>\n&#8211; Prises de mesures n\u00e9cessaires \u00e0 la r\u00e9alisation des plans.<\/p>\n\n\t\t<\/div>\n\t<\/div>\n<div class=\"vc_empty_space\"   style=\"height: 24px\"><span class=\"vc_empty_space_inner\"><\/span><\/div><a href=\"https:\/\/daar.fr\/index.php\/contact\/\" target=\"_self\"  class=\"edgtf-btn edgtf-btn-medium edgtf-btn-gradient edgtf-has-hover\"  >\n    <span class=\"edgtf-btn-text\">Nous contacter<\/span>    <span class=\"edgtf-btn-background-holder\" ><\/span>\n    <span class=\"edgtf-btn-background-hover-holder\" ><\/span>\n<\/a>\t\t\t\t\t<\/div>\n\t<\/div>\n<\/div><div class=\"edgtf-elements-holder-item edgtf-horizontal-alignment-center edgtf-inside-border edgtf-animate-image\"  style=\"border-color:rgba(242,242,242,0.64)\">\n\t<div class=\"edgtf-elements-holder-item-background\" style=\"background-image: url()\"><\/div>\n\t<div class=\"edgtf-elements-holder-item-inner\">\n\t\t<div class=\"edgtf-elements-holder-item-content edgtf-elements-holder-custom-917988\" style=\"padding: 10% 10% 10% 10%\">\n\t\t\t\t\t\t<style type=\"text\/css\" data-type=\"edgtf-elements-custom-padding\" scoped>\n\n\t\t\t\t\t\t\t\t\t\t\t\t\t\t\t\t@media only screen and (min-width: 768px) and (max-width: 1024px) {\n\t\t\t\t\t.edgtf-elements-holder .edgtf-elements-holder-item-content.edgtf-elements-holder-custom-917988 {\n\t\t\t\t\t\tpadding: 27% 0 30% 0 !important;\n\t\t\t\t\t}\n\t\t\t\t}\n\t\t\t\t\t\t\t\t\t\t\t\t@media only screen and (min-width: 600px) and (max-width: 768px) {\n\t\t\t\t\t.edgtf-elements-holder .edgtf-elements-holder-item-content.edgtf-elements-holder-custom-917988 {\n\t\t\t\t\t\tpadding: 27% 0 30% 0 !important;\n\t\t\t\t\t}\n\t\t\t\t}\n\t\t\t\t\t\t\t\t\t\t\t\t@media only screen and (min-width: 480px) and (max-width: 600px) {\n\t\t\t\t\t.edgtf-elements-holder .edgtf-elements-holder-item-content.edgtf-elements-holder-custom-917988 {\n\t\t\t\t\t\tpadding: 27% 0 30% 0 !important;\n\t\t\t\t\t}\n\t\t\t\t}\n\t\t\t\t\t\t\t\t\t\t\t\t@media only screen and (max-width: 480px) {\n\t\t\t\t\t.edgtf-elements-holder .edgtf-elements-holder-item-content.edgtf-elements-holder-custom-917988 {\n\t\t\t\t\t\tpadding: 27% 0 30% 0 !important;\n\t\t\t\t\t}\n\t\t\t\t}\n\t\t\t\t\t\t\t\t<\/style>\n\t\t\t\t\t\t\n\t<div  class=\"wpb_single_image wpb_content_element vc_align_left\">\n\t\t\n\t\t<figure class=\"wpb_wrapper vc_figure\">\n\t\t\t<div class=\"vc_single_image-wrapper   vc_box_border_grey\"><img loading=\"lazy\" decoding=\"async\" width=\"1196\" height=\"1014\" src=\"https:\/\/daar.fr\/wp-content\/uploads\/2021\/10\/Phase-1.png\" class=\"vc_single_image-img attachment-full\" alt=\"Phase 1\" srcset=\"https:\/\/daar.fr\/wp-content\/uploads\/2021\/10\/Phase-1.png 1196w, https:\/\/daar.fr\/wp-content\/uploads\/2021\/10\/Phase-1-300x254.png 300w, https:\/\/daar.fr\/wp-content\/uploads\/2021\/10\/Phase-1-1024x868.png 1024w, https:\/\/daar.fr\/wp-content\/uploads\/2021\/10\/Phase-1-768x651.png 768w, https:\/\/daar.fr\/wp-content\/uploads\/2021\/10\/Phase-1-600x509.png 600w\" sizes=\"(max-width: 1196px) 100vw, 1196px\" \/><\/div>\n\t\t<\/figure>\n\t<\/div>\n\t\t\t\t\t<\/div>\n\t<\/div>\n<\/div><\/div><\/div><\/div><\/div><\/div><\/div><div class=\"vc_row wpb_row vc_row-fluid edgtf-section edgtf-content-aligment-left\"><div class=\"clearfix edgtf-full-section-inner\"><div class=\"wpb_column vc_column_container vc_col-sm-12\"><div class=\"vc_column-inner\"><div class=\"wpb_wrapper\"><div class=\"edgtf-elements-holder edgtf-two-columns edgtf-responsive-mode-768\" ><div class=\"edgtf-elements-holder-item edgtf-horizontal-alignment-center edgtf-inside-border edgtf-animate-image\"  style=\"border-color:rgba(242,242,242,0.64)\">\n\t<div class=\"edgtf-elements-holder-item-background\" style=\"background-image: url()\"><\/div>\n\t<div class=\"edgtf-elements-holder-item-inner\">\n\t\t<div class=\"edgtf-elements-holder-item-content edgtf-elements-holder-custom-406101\" style=\"padding: 10% 10% 10% 10%\">\n\t\t\t\t\t\t<style type=\"text\/css\" data-type=\"edgtf-elements-custom-padding\" scoped>\n\n\t\t\t\t\t\t\t\t\t\t\t\t\t\t\t\t@media only screen and (min-width: 768px) and (max-width: 1024px) {\n\t\t\t\t\t.edgtf-elements-holder .edgtf-elements-holder-item-content.edgtf-elements-holder-custom-406101 {\n\t\t\t\t\t\tpadding: 27% 0 30% 0 !important;\n\t\t\t\t\t}\n\t\t\t\t}\n\t\t\t\t\t\t\t\t\t\t\t\t@media only screen and (min-width: 600px) and (max-width: 768px) {\n\t\t\t\t\t.edgtf-elements-holder .edgtf-elements-holder-item-content.edgtf-elements-holder-custom-406101 {\n\t\t\t\t\t\tpadding: 27% 0 30% 0 !important;\n\t\t\t\t\t}\n\t\t\t\t}\n\t\t\t\t\t\t\t\t\t\t\t\t@media only screen and (min-width: 480px) and (max-width: 600px) {\n\t\t\t\t\t.edgtf-elements-holder .edgtf-elements-holder-item-content.edgtf-elements-holder-custom-406101 {\n\t\t\t\t\t\tpadding: 27% 0 30% 0 !important;\n\t\t\t\t\t}\n\t\t\t\t}\n\t\t\t\t\t\t\t\t\t\t\t\t@media only screen and (max-width: 480px) {\n\t\t\t\t\t.edgtf-elements-holder .edgtf-elements-holder-item-content.edgtf-elements-holder-custom-406101 {\n\t\t\t\t\t\tpadding: 27% 0 30% 0 !important;\n\t\t\t\t\t}\n\t\t\t\t}\n\t\t\t\t\t\t\t\t<\/style>\n\t\t\t\t\t\t\n\t<div  class=\"wpb_single_image wpb_content_element vc_align_left\">\n\t\t\n\t\t<figure class=\"wpb_wrapper vc_figure\">\n\t\t\t<div class=\"vc_single_image-wrapper   vc_box_border_grey\"><img loading=\"lazy\" decoding=\"async\" width=\"1198\" height=\"1016\" src=\"https:\/\/daar.fr\/wp-content\/uploads\/2021\/10\/Phase-2.png\" class=\"vc_single_image-img attachment-full\" alt=\"Phase 2\" srcset=\"https:\/\/daar.fr\/wp-content\/uploads\/2021\/10\/Phase-2.png 1198w, https:\/\/daar.fr\/wp-content\/uploads\/2021\/10\/Phase-2-300x254.png 300w, https:\/\/daar.fr\/wp-content\/uploads\/2021\/10\/Phase-2-1024x868.png 1024w, https:\/\/daar.fr\/wp-content\/uploads\/2021\/10\/Phase-2-768x651.png 768w, https:\/\/daar.fr\/wp-content\/uploads\/2021\/10\/Phase-2-600x509.png 600w\" sizes=\"(max-width: 1198px) 100vw, 1198px\" \/><\/div>\n\t\t<\/figure>\n\t<\/div>\n\t\t\t\t\t<\/div>\n\t<\/div>\n<\/div><div class=\"edgtf-elements-holder-item edgtf-inside-border\"  style=\"border-color:rgba(194,196,200,0.6)\">\n\t<div class=\"edgtf-elements-holder-item-background\" style=\"background-image: url()\"><\/div>\n\t<div class=\"edgtf-elements-holder-item-inner\">\n\t\t<div class=\"edgtf-elements-holder-item-content edgtf-elements-holder-custom-796957\" style=\"padding: 13.2% 26% 12% 12.3%\">\n\t\t\t\t\t\t<style type=\"text\/css\" data-type=\"edgtf-elements-custom-padding\" scoped>\n\n\t\t\t\t\t\t\t\t@media only screen and (min-width: 1280px) and (max-width: 1439px) {\n\t\t\t\t\t.edgtf-elements-holder .edgtf-elements-holder-item-content.edgtf-elements-holder-custom-796957 {\n\t\t\t\t\t\tpadding: 13.2% 14% 12% 12.3% !important;\n\t\t\t\t\t}\n\t\t\t\t}\n\t\t\t\t\t\t\t\t\t\t\t\t\t@media only screen and (min-width: 1024px) and (max-width: 1280px) {\n\t\t\t\t\t\t.edgtf-elements-holder .edgtf-elements-holder-item-content.edgtf-elements-holder-custom-796957 {\n\t\t\t\t\t\t\tpadding: 13.2% 11% 12% 12.3% !important;\n\t\t\t\t\t\t}\n\t\t\t\t\t}\n\t\t\t\t\t\t\t\t\t\t\t\t@media only screen and (min-width: 768px) and (max-width: 1024px) {\n\t\t\t\t\t.edgtf-elements-holder .edgtf-elements-holder-item-content.edgtf-elements-holder-custom-796957 {\n\t\t\t\t\t\tpadding: 10.2% 11% 11% 12.3% !important;\n\t\t\t\t\t}\n\t\t\t\t}\n\t\t\t\t\t\t\t\t\t\t\t\t@media only screen and (min-width: 600px) and (max-width: 768px) {\n\t\t\t\t\t.edgtf-elements-holder .edgtf-elements-holder-item-content.edgtf-elements-holder-custom-796957 {\n\t\t\t\t\t\tpadding: 10.2% 10% 9% 10.3% !important;\n\t\t\t\t\t}\n\t\t\t\t}\n\t\t\t\t\t\t\t\t\t\t\t\t@media only screen and (min-width: 480px) and (max-width: 600px) {\n\t\t\t\t\t.edgtf-elements-holder .edgtf-elements-holder-item-content.edgtf-elements-holder-custom-796957 {\n\t\t\t\t\t\tpadding: 10% 8% 7% 10% !important;\n\t\t\t\t\t}\n\t\t\t\t}\n\t\t\t\t\t\t\t\t\t\t\t\t@media only screen and (max-width: 480px) {\n\t\t\t\t\t.edgtf-elements-holder .edgtf-elements-holder-item-content.edgtf-elements-holder-custom-796957 {\n\t\t\t\t\t\tpadding: 7% 6% 6% 6% !important;\n\t\t\t\t\t}\n\t\t\t\t}\n\t\t\t\t\t\t\t\t<\/style>\n\t\t\t\t\t\t\n\t<div class=\"wpb_text_column wpb_content_element \" >\n\t\t<div class=\"wpb_wrapper\">\n\t\t\t<h2>PHASE 2 : AVANT PROJET D\u00c9TAILL\u00c9 (APD)<\/h2>\n\n\t\t<\/div>\n\t<\/div>\n<div class=\"edgtf-separator-holder clearfix  edgtf-separator-left\">\n\t<div class=\"edgtf-separator\" style=\"border-color: #e7bd74;border-style: solid;width: 50px;border-bottom-width: 1px;margin-top: 24px;margin-bottom: 25px\"><\/div>\n<\/div>\n\n\t<div class=\"wpb_text_column wpb_content_element \" >\n\t\t<div class=\"wpb_wrapper\">\n\t\t\t<p>&#8211; Sur la base de l\u2019APS approuv\u00e9 par vos soins, nous \u00e9tablirons un avant-projet d\u00e9taill\u00e9.<br \/>\n&#8211; Elaboration d\u2019un dossier d\u2019am\u00e9nagement et de d\u00e9coration pour l\u2019ensemble des pi\u00e8ces (r\u00e9partition des espaces, mobiliers, mat\u00e9riaux, couleurs &#8230;)<br \/>\n&#8211; Dossier de consultation des entreprises permettant d\u2019obtenir des devis tr\u00e8s pr\u00e9cis.<\/p>\n\n\t\t<\/div>\n\t<\/div>\n<div class=\"vc_empty_space\"   style=\"height: 19px\"><span class=\"vc_empty_space_inner\"><\/span><\/div>\t\t\t\t\t<\/div>\n\t<\/div>\n<\/div><\/div><\/div><\/div><\/div><\/div><\/div><div class=\"vc_row wpb_row vc_row-fluid edgtf-section vc_custom_1461835886019 edgtf-content-aligment-left edgtf-grid-section\"><div class=\"clearfix edgtf-section-inner\"><div class=\"edgtf-section-inner-margin clearfix\"><div class=\"wpb_column vc_column_container vc_col-sm-12\"><div class=\"vc_column-inner\"><div class=\"wpb_wrapper\"><div class=\"edgtf-elements-holder edgtf-two-columns edgtf-responsive-mode-768\" ><div class=\"edgtf-elements-holder-item edgtf-inside-border\"  style=\"border-color:rgba(194,196,200,0.6)\">\n\t<div class=\"edgtf-elements-holder-item-background\" style=\"background-image: url()\"><\/div>\n\t<div class=\"edgtf-elements-holder-item-inner\">\n\t\t<div class=\"edgtf-elements-holder-item-content edgtf-elements-holder-custom-552682\" style=\"padding: 13.2% 18% 12% 20.3%\">\n\t\t\t\t\t\t<style type=\"text\/css\" data-type=\"edgtf-elements-custom-padding\" scoped>\n\n\t\t\t\t\t\t\t\t@media only screen and (min-width: 1280px) and (max-width: 1439px) {\n\t\t\t\t\t.edgtf-elements-holder .edgtf-elements-holder-item-content.edgtf-elements-holder-custom-552682 {\n\t\t\t\t\t\tpadding: 13.2% 18% 12% 14.3% !important;\n\t\t\t\t\t}\n\t\t\t\t}\n\t\t\t\t\t\t\t\t\t\t\t\t\t@media only screen and (min-width: 1024px) and (max-width: 1280px) {\n\t\t\t\t\t\t.edgtf-elements-holder .edgtf-elements-holder-item-content.edgtf-elements-holder-custom-552682 {\n\t\t\t\t\t\t\tpadding: 13.2% 11% 12% 12.3% !important;\n\t\t\t\t\t\t}\n\t\t\t\t\t}\n\t\t\t\t\t\t\t\t\t\t\t\t@media only screen and (min-width: 768px) and (max-width: 1024px) {\n\t\t\t\t\t.edgtf-elements-holder .edgtf-elements-holder-item-content.edgtf-elements-holder-custom-552682 {\n\t\t\t\t\t\tpadding: 10.2% 11% 11% 12.3% !important;\n\t\t\t\t\t}\n\t\t\t\t}\n\t\t\t\t\t\t\t\t\t\t\t\t@media only screen and (min-width: 600px) and (max-width: 768px) {\n\t\t\t\t\t.edgtf-elements-holder .edgtf-elements-holder-item-content.edgtf-elements-holder-custom-552682 {\n\t\t\t\t\t\tpadding: 10.2% 10% 9% 10.3% !important;\n\t\t\t\t\t}\n\t\t\t\t}\n\t\t\t\t\t\t\t\t\t\t\t\t@media only screen and (min-width: 480px) and (max-width: 600px) {\n\t\t\t\t\t.edgtf-elements-holder .edgtf-elements-holder-item-content.edgtf-elements-holder-custom-552682 {\n\t\t\t\t\t\tpadding: 10% 8% 7% 10% !important;\n\t\t\t\t\t}\n\t\t\t\t}\n\t\t\t\t\t\t\t\t\t\t\t\t@media only screen and (max-width: 480px) {\n\t\t\t\t\t.edgtf-elements-holder .edgtf-elements-holder-item-content.edgtf-elements-holder-custom-552682 {\n\t\t\t\t\t\tpadding: 7% 6% 6% 6% !important;\n\t\t\t\t\t}\n\t\t\t\t}\n\t\t\t\t\t\t\t\t<\/style>\n\t\t\t\t\t\t\n\t<div class=\"wpb_text_column wpb_content_element \" >\n\t\t<div class=\"wpb_wrapper\">\n\t\t\t<h2>PHASE 3 : COORDINATION DU CHANTIER<\/h2>\n\n\t\t<\/div>\n\t<\/div>\n<div class=\"edgtf-separator-holder clearfix  edgtf-separator-left\">\n\t<div class=\"edgtf-separator\" style=\"border-color: #e7bd74;border-style: solid;width: 50px;border-bottom-width: 1px;margin-top: 24px;margin-bottom: 25px\"><\/div>\n<\/div>\n\n\t<div class=\"wpb_text_column wpb_content_element \" >\n\t\t<div class=\"wpb_wrapper\">\n\t\t\t<p>&#8211; \u00c9laboration de l\u2019avant-projet donnant une vision g\u00e9n\u00e9rale et globale.<br \/>\n&#8211; Pr\u00e9sentation des hypoth\u00e8ses d\u2019am\u00e9nagement.<br \/>\n&#8211; Prises de mesures n\u00e9cessaires \u00e0 la r\u00e9alisation des plans.<\/p>\n\n\t\t<\/div>\n\t<\/div>\n<div class=\"vc_empty_space\"   style=\"height: 24px\"><span class=\"vc_empty_space_inner\"><\/span><\/div><a href=\"https:\/\/daar.fr\/index.php\/contact\/\" target=\"_self\"  class=\"edgtf-btn edgtf-btn-medium edgtf-btn-gradient edgtf-has-hover\"  >\n    <span class=\"edgtf-btn-text\">Nous contacter<\/span>    <span class=\"edgtf-btn-background-holder\" ><\/span>\n    <span class=\"edgtf-btn-background-hover-holder\" ><\/span>\n<\/a>\t\t\t\t\t<\/div>\n\t<\/div>\n<\/div><div class=\"edgtf-elements-holder-item edgtf-horizontal-alignment-center edgtf-inside-border edgtf-animate-image\"  style=\"border-color:rgba(242,242,242,0.64)\">\n\t<div class=\"edgtf-elements-holder-item-background\" style=\"background-image: url()\"><\/div>\n\t<div class=\"edgtf-elements-holder-item-inner\">\n\t\t<div class=\"edgtf-elements-holder-item-content edgtf-elements-holder-custom-381834\" style=\"padding: 10% 10% 10% 10%\">\n\t\t\t\t\t\t<style type=\"text\/css\" data-type=\"edgtf-elements-custom-padding\" scoped>\n\n\t\t\t\t\t\t\t\t\t\t\t\t\t\t\t\t@media only screen and (min-width: 768px) and (max-width: 1024px) {\n\t\t\t\t\t.edgtf-elements-holder .edgtf-elements-holder-item-content.edgtf-elements-holder-custom-381834 {\n\t\t\t\t\t\tpadding: 27% 0 30% 0 !important;\n\t\t\t\t\t}\n\t\t\t\t}\n\t\t\t\t\t\t\t\t\t\t\t\t@media only screen and (min-width: 600px) and (max-width: 768px) {\n\t\t\t\t\t.edgtf-elements-holder .edgtf-elements-holder-item-content.edgtf-elements-holder-custom-381834 {\n\t\t\t\t\t\tpadding: 27% 0 30% 0 !important;\n\t\t\t\t\t}\n\t\t\t\t}\n\t\t\t\t\t\t\t\t\t\t\t\t@media only screen and (min-width: 480px) and (max-width: 600px) {\n\t\t\t\t\t.edgtf-elements-holder .edgtf-elements-holder-item-content.edgtf-elements-holder-custom-381834 {\n\t\t\t\t\t\tpadding: 27% 0 30% 0 !important;\n\t\t\t\t\t}\n\t\t\t\t}\n\t\t\t\t\t\t\t\t\t\t\t\t@media only screen and (max-width: 480px) {\n\t\t\t\t\t.edgtf-elements-holder .edgtf-elements-holder-item-content.edgtf-elements-holder-custom-381834 {\n\t\t\t\t\t\tpadding: 27% 0 30% 0 !important;\n\t\t\t\t\t}\n\t\t\t\t}\n\t\t\t\t\t\t\t\t<\/style>\n\t\t\t\t\t\t\n\t<div  class=\"wpb_single_image wpb_content_element vc_align_left\">\n\t\t\n\t\t<figure class=\"wpb_wrapper vc_figure\">\n\t\t\t<div class=\"vc_single_image-wrapper   vc_box_border_grey\"><img loading=\"lazy\" decoding=\"async\" width=\"1192\" height=\"1016\" src=\"https:\/\/daar.fr\/wp-content\/uploads\/2021\/10\/Phase-3.png\" class=\"vc_single_image-img attachment-full\" alt=\"Phase 3\" srcset=\"https:\/\/daar.fr\/wp-content\/uploads\/2021\/10\/Phase-3.png 1192w, https:\/\/daar.fr\/wp-content\/uploads\/2021\/10\/Phase-3-300x256.png 300w, https:\/\/daar.fr\/wp-content\/uploads\/2021\/10\/Phase-3-1024x873.png 1024w, https:\/\/daar.fr\/wp-content\/uploads\/2021\/10\/Phase-3-768x655.png 768w, https:\/\/daar.fr\/wp-content\/uploads\/2021\/10\/Phase-3-600x511.png 600w\" sizes=\"(max-width: 1192px) 100vw, 1192px\" \/><\/div>\n\t\t<\/figure>\n\t<\/div>\n\t\t\t\t\t<\/div>\n\t<\/div>\n<\/div><\/div><\/div><\/div><\/div><\/div><\/div><\/div>\n","protected":false},"excerpt":{"rendered":"Comment nous travaillons Les diff\u00e9rentes phases. PHASE 1 : AVANT PROJET SOMMAIRE (APS) - \u00c9laboration de l\u2019avant-projet donnant une vision g\u00e9n\u00e9rale et globale. - Pr\u00e9sentation des hypoth\u00e8ses d\u2019am\u00e9nagement. - Prises de mesures n\u00e9cessaires \u00e0 la r\u00e9alisation des plans. Nous contacter PHASE 2 : AVANT PROJET...","protected":false},"author":1,"featured_media":0,"parent":0,"menu_order":0,"comment_status":"closed","ping_status":"closed","template":"full-width.php","meta":{"footnotes":""},"_links":{"self":[{"href":"https:\/\/daar.fr\/index.php\/wp-json\/wp\/v2\/pages\/896"}],"collection":[{"href":"https:\/\/daar.fr\/index.php\/wp-json\/wp\/v2\/pages"}],"about":[{"href":"https:\/\/daar.fr\/index.php\/wp-json\/wp\/v2\/types\/page"}],"author":[{"embeddable":true,"href":"https:\/\/daar.fr\/index.php\/wp-json\/wp\/v2\/users\/1"}],"replies":[{"embeddable":true,"href":"https:\/\/daar.fr\/index.php\/wp-json\/wp\/v2\/comments?post=896"}],"version-history":[{"count":22,"href":"https:\/\/daar.fr\/index.php\/wp-json\/wp\/v2\/pages\/896\/revisions"}],"predecessor-version":[{"id":6735,"href":"https:\/\/daar.fr\/index.php\/wp-json\/wp\/v2\/pages\/896\/revisions\/6735"}],"wp:attachment":[{"href":"https:\/\/daar.fr\/index.php\/wp-json\/wp\/v2\/media?parent=896"}],"curies":[{"name":"wp","href":"https:\/\/api.w.org\/{rel}","templated":true}]}}