{"id":977,"date":"2015-12-04T09:14:17","date_gmt":"2015-12-04T08:14:17","guid":{"rendered":"http:\/\/ratio.edge-themes.com\/?page_id=977"},"modified":"2024-05-02T11:17:41","modified_gmt":"2024-05-02T09:17:41","slug":"a-propos","status":"publish","type":"page","link":"https:\/\/daar.fr\/index.php\/a-propos\/","title":{"rendered":"\u00c0 propos"},"content":{"rendered":"<div class=\"vc_row wpb_row vc_row-fluid edgtf-section vc_custom_1461831016008 edgtf-content-aligment-left edgtf-grid-section\"><div class=\"clearfix edgtf-section-inner\"><div class=\"edgtf-section-inner-margin clearfix\"><div class=\"wpb_column vc_column_container vc_col-sm-12 vc_col-lg-6 vc_col-md-12\"><div class=\"vc_column-inner\"><div class=\"wpb_wrapper\">\n\t<div class=\"wpb_text_column wpb_content_element \" >\n\t\t<div class=\"wpb_wrapper\">\n\t\t\t<h2>DAAR<\/h2>\n\n\t\t<\/div>\n\t<\/div>\n<div class=\"edgtf-separator-holder clearfix  edgtf-separator-left\">\n\t<div class=\"edgtf-separator\" style=\"border-color: #e7bd74;border-style: solid;width: 50px;border-bottom-width: 1px;margin-top: 25px;margin-bottom: 28px\"><\/div>\n<\/div>\n\n\t<div class=\"wpb_text_column wpb_content_element  vc_custom_1714467562853\" >\n\t\t<div class=\"wpb_wrapper\">\n\t\t\t<div class=\"page\" title=\"Page 1\">\n<div class=\"section\">\n<div class=\"layoutArea\">\n<div class=\"column\">\n<p>Dounia MORSY, architecte d&rsquo;int\u00e9rieur passionn\u00e9e et fondatrice de l&rsquo;agence DAAR, situ\u00e9e \u00e0 Paris.<\/p>\n<p>Depuis mes d\u00e9buts en 2009, j&rsquo;ai consacr\u00e9 ma carri\u00e8re \u00e0 transformer les espaces en v\u00e9ritables \u0153uvres d&rsquo;art vivantes, harmonisant forme et fonction pour cr\u00e9er des environnements uniques et inspirants.<\/p>\n<p>Chez DAAR, notre mission est de repousser les limites de la cr\u00e9ativit\u00e9 et de l&rsquo;innovation, tout en mettant en valeur l&rsquo;individualit\u00e9 de chaque client. Que vous recherchiez une r\u00e9novation totale, une r\u00e9invention partielle ou une conception sur mesure, nous sommes l\u00e0 pour r\u00e9aliser votre vision avec passion et expertise.<\/p>\n<p>Tous nos projets sont inte\u0301gralement conc\u0327us et pense\u0301s en images de synthe\u0300ses.<br \/>\nUne technique 3D, moderne et efficace, qui nous permet d\u2019optimiser votre espace et vous offre l\u2019opportunite\u0301 de vous projeter dans votre futur inte\u0301rieur.<\/p>\n<p>&nbsp;<\/p>\n<\/div>\n<\/div>\n<\/div>\n<\/div>\n\n\t\t<\/div>\n\t<\/div>\n<div class=\"vc_empty_space\"   style=\"height: 40px\"><span class=\"vc_empty_space_inner\"><\/span><\/div><\/div><\/div><\/div><div class=\"wpb_column vc_column_container vc_col-sm-12 vc_col-lg-6 vc_col-md-12\"><div class=\"vc_column-inner\"><div class=\"wpb_wrapper\"><div class=\"vc_empty_space\"   style=\"height: 34px\"><span class=\"vc_empty_space_inner\"><\/span><\/div><div class=\"edgtf-progress-bar\">\n\t<h6 class=\"edgtf-progress-title-holder clearfix\">\n\t\t<span class=\"edgtf-progress-title\">Architecture d&#039;int\u00e9rieur<\/span>\n\t\t<span class=\"edgtf-progress-number-wrapper edgtf-floating \" >\n\t\t\t<span class=\"edgtf-progress-number\">\n\t\t\t\t<span class=\"edgtf-percent\">0<\/span>\n\t\t\t<\/span>\n\t\t<\/span>\n\t<\/h6>\n\t<div class=\"edgtf-progress-content-outer\" style=\"background-color:#eeeeee\">\n\t\t<div data-percentage=100 class=\"edgtf-progress-content\" ><\/div>\n\t<\/div>\n<\/div>\t<div class=\"vc_empty_space\"   style=\"height: 17px\"><span class=\"vc_empty_space_inner\"><\/span><\/div><div class=\"edgtf-progress-bar\">\n\t<h6 class=\"edgtf-progress-title-holder clearfix\">\n\t\t<span class=\"edgtf-progress-title\">D\u00e9coration<\/span>\n\t\t<span class=\"edgtf-progress-number-wrapper edgtf-floating \" >\n\t\t\t<span class=\"edgtf-progress-number\">\n\t\t\t\t<span class=\"edgtf-percent\">0<\/span>\n\t\t\t<\/span>\n\t\t<\/span>\n\t<\/h6>\n\t<div class=\"edgtf-progress-content-outer\" style=\"background-color:#eeeeee\">\n\t\t<div data-percentage=100 class=\"edgtf-progress-content\" ><\/div>\n\t<\/div>\n<\/div>\t<div class=\"vc_empty_space\"   style=\"height: 17px\"><span class=\"vc_empty_space_inner\"><\/span><\/div><div class=\"edgtf-progress-bar\">\n\t<h6 class=\"edgtf-progress-title-holder clearfix\">\n\t\t<span class=\"edgtf-progress-title\">Agencement<\/span>\n\t\t<span class=\"edgtf-progress-number-wrapper edgtf-floating \" >\n\t\t\t<span class=\"edgtf-progress-number\">\n\t\t\t\t<span class=\"edgtf-percent\">0<\/span>\n\t\t\t<\/span>\n\t\t<\/span>\n\t<\/h6>\n\t<div class=\"edgtf-progress-content-outer\" style=\"background-color:#eeeeee\">\n\t\t<div data-percentage=100 class=\"edgtf-progress-content\" ><\/div>\n\t<\/div>\n<\/div>\t<div class=\"vc_empty_space\"   style=\"height: 17px\"><span class=\"vc_empty_space_inner\"><\/span><\/div><div class=\"edgtf-progress-bar\">\n\t<h6 class=\"edgtf-progress-title-holder clearfix\">\n\t\t<span class=\"edgtf-progress-title\">R\u00e9novation<\/span>\n\t\t<span class=\"edgtf-progress-number-wrapper edgtf-floating \" >\n\t\t\t<span class=\"edgtf-progress-number\">\n\t\t\t\t<span class=\"edgtf-percent\">0<\/span>\n\t\t\t<\/span>\n\t\t<\/span>\n\t<\/h6>\n\t<div class=\"edgtf-progress-content-outer\" style=\"background-color:#eeeeee\">\n\t\t<div data-percentage=100 class=\"edgtf-progress-content\" ><\/div>\n\t<\/div>\n<\/div>\t<div class=\"vc_empty_space\"   style=\"height: 40px\"><span class=\"vc_empty_space_inner\"><\/span><\/div><\/div><\/div><\/div><\/div><\/div><\/div><div class=\"vc_row wpb_row vc_row-fluid edgtf-section vc_custom_1461831016008 edgtf-content-aligment-left edgtf-grid-section\"><div class=\"clearfix edgtf-section-inner\"><div class=\"edgtf-section-inner-margin clearfix\"><div class=\"wpb_column vc_column_container vc_col-sm-12 vc_col-lg-6 vc_col-md-12\"><div class=\"vc_column-inner\"><div class=\"wpb_wrapper\">\n\t<div class=\"wpb_text_column wpb_content_element \" >\n\t\t<div class=\"wpb_wrapper\">\n\t\t\t<h2>Dounia Morsy<\/h2>\n\n\t\t<\/div>\n\t<\/div>\n<div class=\"edgtf-separator-holder clearfix  edgtf-separator-left\">\n\t<div class=\"edgtf-separator\" style=\"border-color: #e7bd74;border-style: solid;width: 50px;border-bottom-width: 1px;margin-top: 25px;margin-bottom: 28px\"><\/div>\n<\/div>\n\n\t<div class=\"wpb_text_column wpb_content_element  vc_custom_1714467903610\" >\n\t\t<div class=\"wpb_wrapper\">\n\t\t\t<div class=\"page\" title=\"Page 1\">\n<div class=\"section\">\n<div class=\"layoutArea\">\n<div class=\"column\">\n<p>Fondatrice de l&rsquo;agence DAAR.<\/p>\n<\/div>\n<\/div>\n<\/div>\n<\/div>\n\n\t\t<\/div>\n\t<\/div>\n<div class=\"vc_empty_space\"   style=\"height: 40px\"><span class=\"vc_empty_space_inner\"><\/span><\/div><\/div><\/div><\/div><div class=\"wpb_column vc_column_container vc_col-sm-12 vc_col-lg-6 vc_col-md-12\"><div class=\"vc_column-inner\"><div class=\"wpb_wrapper\">\n\t<div  class=\"wpb_single_image wpb_content_element vc_align_left\">\n\t\t\n\t\t<figure class=\"wpb_wrapper vc_figure\">\n\t\t\t<div class=\"vc_single_image-wrapper   vc_box_border_grey\"><img loading=\"lazy\" decoding=\"async\" width=\"2048\" height=\"1374\" src=\"https:\/\/daar.fr\/wp-content\/uploads\/2021\/09\/Dounia-Morsy.jpg\" class=\"vc_single_image-img attachment-full\" alt=\"Dounia Morsy\" srcset=\"https:\/\/daar.fr\/wp-content\/uploads\/2021\/09\/Dounia-Morsy.jpg 2048w, https:\/\/daar.fr\/wp-content\/uploads\/2021\/09\/Dounia-Morsy-300x201.jpg 300w, https:\/\/daar.fr\/wp-content\/uploads\/2021\/09\/Dounia-Morsy-1024x687.jpg 1024w, https:\/\/daar.fr\/wp-content\/uploads\/2021\/09\/Dounia-Morsy-768x515.jpg 768w, https:\/\/daar.fr\/wp-content\/uploads\/2021\/09\/Dounia-Morsy-1536x1031.jpg 1536w, https:\/\/daar.fr\/wp-content\/uploads\/2021\/09\/Dounia-Morsy-600x403.jpg 600w\" sizes=\"(max-width: 2048px) 100vw, 2048px\" \/><\/div>\n\t\t<\/figure>\n\t<\/div>\n<div class=\"vc_empty_space\"   style=\"height: 40px\"><span class=\"vc_empty_space_inner\"><\/span><\/div><\/div><\/div><\/div><\/div><\/div><\/div>\n","protected":false},"excerpt":{"rendered":"DAAR Dounia MORSY, architecte d'int\u00e9rieur passionn\u00e9e et fondatrice de l'agence DAAR, situ\u00e9e \u00e0 Paris. Depuis mes d\u00e9buts en 2009, j'ai consacr\u00e9 ma carri\u00e8re \u00e0 transformer les espaces en v\u00e9ritables \u0153uvres d'art vivantes, harmonisant forme et fonction pour cr\u00e9er des environnements uniques et inspirants. Chez DAAR,...","protected":false},"author":1,"featured_media":0,"parent":0,"menu_order":0,"comment_status":"closed","ping_status":"closed","template":"full-width.php","meta":{"footnotes":""},"_links":{"self":[{"href":"https:\/\/daar.fr\/index.php\/wp-json\/wp\/v2\/pages\/977"}],"collection":[{"href":"https:\/\/daar.fr\/index.php\/wp-json\/wp\/v2\/pages"}],"about":[{"href":"https:\/\/daar.fr\/index.php\/wp-json\/wp\/v2\/types\/page"}],"author":[{"embeddable":true,"href":"https:\/\/daar.fr\/index.php\/wp-json\/wp\/v2\/users\/1"}],"replies":[{"embeddable":true,"href":"https:\/\/daar.fr\/index.php\/wp-json\/wp\/v2\/comments?post=977"}],"version-history":[{"count":26,"href":"https:\/\/daar.fr\/index.php\/wp-json\/wp\/v2\/pages\/977\/revisions"}],"predecessor-version":[{"id":6903,"href":"https:\/\/daar.fr\/index.php\/wp-json\/wp\/v2\/pages\/977\/revisions\/6903"}],"wp:attachment":[{"href":"https:\/\/daar.fr\/index.php\/wp-json\/wp\/v2\/media?parent=977"}],"curies":[{"name":"wp","href":"https:\/\/api.w.org\/{rel}","templated":true}]}}